{"id":3692,"date":"2016-12-07T10:11:25","date_gmt":"2016-12-07T10:11:25","guid":{"rendered":"http:\/\/raportyspadkowe.pl\/?page_id=3692"},"modified":"2017-03-02T17:23:58","modified_gmt":"2017-03-02T17:23:58","slug":"uslugi-uzupelniajace","status":"publish","type":"page","link":"https:\/\/raportyspadkowe.pl\/?page_id=3692","title":{"rendered":"Us\u0142ugi uzupe\u0142niaj\u0105ce"},"content":{"rendered":"<p>[vc_row padding_top=&#8221;45&#8243; padding_bottom=&#8221;0&#8243;][vc_column][vc_tta_accordion style=&#8221;flat&#8221; color=&#8221;white&#8221; c_align=&#8221;center&#8221; c_icon=&#8221;chevron&#8221; active_section=&#8221;1&#8243; collapsible_all=&#8221;true&#8221;][vc_tta_section title=&#8221;Us\u0142ugi dodatkowe uzupe\u0142niaj\u0105ce Raport Spadkowy&#8221; tab_id=&#8221;1481719719793-a0d82e02-cfee&#8221;]<ul class=\"nz-i-list circle\"><li><div><span class=\"icon icon-checkmark\" style=\"color:#81d742;\"><\/span><\/div><div>obs\u0142uga prawna spadkobierc\u00f3w, w zakresie post\u0119powania spadkowego, doradztwa prawnego oraz zast\u0119pstwa prawnego i procesowego<\/div><\/li><li><div><span class=\"icon icon-checkmark\" style=\"color:#81d742;\"><\/span><\/div><div>obs\u0142uga podatkowa spadkobierc\u00f3w i doradztwo podatkowe<\/div><\/li><li><div><span class=\"icon icon-checkmark\" style=\"color:#81d742;\"><\/span><\/div><div>windykacja nale\u017cno\u015bci spadkowych i praw spadkowych<\/div><\/li><li><div><span class=\"icon icon-checkmark\" style=\"color:#81d742;\"><\/span><\/div><div>zarz\u0105dzanie maj\u0105tkiem spadkowym i prawami spadkowymi<\/div><\/li><li><div><span class=\"icon icon-checkmark\" style=\"color:#81d742;\"><\/span><\/div><div>zabezpieczenie maj\u0105tku obj\u0119tego spadkiem<\/div><\/li><li><div><span class=\"icon icon-checkmark\" style=\"color:#81d742;\"><\/span><\/div><div>wprowadzenie w posiadanie spadku i obj\u0119cie maj\u0105tku spadkowego<\/div><\/li><li><div><span class=\"icon icon-checkmark\" style=\"color:#81d742;\"><\/span><\/div><div>mediacje rodzinne<\/div><\/li><li><div><span class=\"icon icon-checkmark\" style=\"color:#81d742;\"><\/span><\/div><div>zabezpieczenie warto\u015bciowych przedmiot\u00f3w spadkowych<\/div><\/li><\/ul>[\/vc_tta_section][vc_tta_section title=&#8221;Przyk\u0142adowe us\u0142ugi dodatkowe uzupe\u0142niaj\u0105ce Raport Spadkowy mog\u0105 obejmowa\u0107&#8221; tab_id=&#8221;1481719719875-691ffcae-aa83&#8243;]<ul class=\"nz-i-list circle\"><li><div><span class=\"icon icon-checkmark\" style=\"color:#81d742;\"><\/span><\/div><div>uzyskanie s\u0105dowych lub notarialnych dokument\u00f3w potwierdzaj\u0105cych dziedziczenie, skutecznych w Polsce oraz skutecznych i wykonalnych na obszarze Unii Europejskiej<\/div><\/li><li><div><span class=\"icon icon-checkmark\" style=\"color:#81d742;\"><\/span><\/div><div>dokonanie s\u0105dowego lub notarialnego podzia\u0142u maj\u0105tku spadkowego<\/div><\/li><li><div><span class=\"icon icon-checkmark\" style=\"color:#81d742;\"><\/span><\/div><div>prowadzenie negocjacji z bankami po \u015bmierci os\u00f3b zmar\u0142ych b\u0119d\u0105cych kredytobiorcami banku i posiadaj\u0105cymi po\u017cyczk\u0119, kredyt inwestycyjny lub hipoteczny<\/div><\/li><li><div><span class=\"icon icon-checkmark\" style=\"color:#81d742;\"><\/span><\/div><div>profesjonalne kontakty z instytucjami finansowymi i s\u0105dami, w przypadku obejmowania udzia\u0142\u00f3w i akcji sp\u00f3\u0142ek kapita\u0142owych lub osobowych nale\u017c\u0105cych do os\u00f3b zmar\u0142ych<\/div><\/li><li><div><span class=\"icon icon-checkmark\" style=\"color:#81d742;\"><\/span><\/div><div>realne obj\u0119cie maj\u0105tku spadkowego, w tym skuteczne przeprowadzenie eksmisji os\u00f3b trzecich z lokalu mieszkalnego nale\u017c\u0105cego do zmar\u0142ego lub z firmy zmar\u0142ego<\/div><\/li><li><div><span class=\"icon icon-checkmark\" style=\"color:#81d742;\"><\/span><\/div><div>zabezpieczenie maj\u0105tku os\u00f3b zmar\u0142ych (maj\u0105tku spadkowego) przed zaj\u0119ciami komorniczymi lub wierzycielami zmar\u0142ego, ochron\u0119 przed uznaniem roszczenia przez spadkobierc\u00f3w (w tym przed niew\u0142a\u015bciwym uznaniem przez nich roszcze\u0144 wierzycieli)<\/div><\/li><li><div><span class=\"icon icon-checkmark\" style=\"color:#81d742;\"><\/span><\/div><div>zabezpieczenie warto\u015bciowych rzeczy os\u00f3b zmar\u0142ych (dzie\u0142a sztuki, waluty, kosztowno\u015bci, maszyny, urz\u0105dzenia) poprzez ich przechowanie w bezpiecznych, chronionych magazynach (wsp\u00f3\u0142praca z galeriami sztuki przy wycenie antyk\u00f3w i przedmiot\u00f3w o warto\u015bci artystycznej, dzie\u0142 sztuki)<\/div><\/li><li><div><span class=\"icon icon-checkmark\" style=\"color:#81d742;\"><\/span><\/div><div>w\u0142a\u015bciw\u0105 reprezentacj\u0119 w przypadku konieczno\u015bci wst\u0105pienia z mocy prawa w miejsce osoby zmar\u0142ej jako strony umowy przez jej spadkobierc\u00f3w, w celu prawid\u0142owego wykonywania praw i obowi\u0105zk\u00f3w wynikaj\u0105cych z tej umowy z korzy\u015bci\u0105 dla spadkobierc\u00f3w<\/div><\/li><li><div><span class=\"icon icon-checkmark\" style=\"color:#81d742;\"><\/span><\/div><div>prowadzenie dla spadkobierc\u00f3w post\u0119powa\u0144 spornych lub reklamacji zwi\u0105zanych z umowami wykonywanymi przez zmar\u0142ego lub na jego rzecz<\/div><\/li><li><div><span class=\"icon icon-checkmark\" style=\"color:#81d742;\"><\/span><\/div><div>wycena maj\u0105tku osoby zmar\u0142ej lub poszczeg\u00f3lnych sk\u0142adnik\u00f3w maj\u0105tku np. nieruchomo\u015bci, maszyn, urz\u0105dze\u0144, pojazd\u00f3w, dzie\u0142 sztuki, praw, itp.<\/div><\/li><li><div><span class=\"icon icon-checkmark\" style=\"color:#81d742;\"><\/span><\/div><div>spieni\u0119\u017cenie maj\u0105tku osoby zmar\u0142ej, np. poprzez sprzeda\u017c przedsi\u0119biorstwa lub pozyskanie inwestora zainteresowanego jego przej\u0119ciem<\/div><\/li><li><div><span class=\"icon icon-checkmark\" style=\"color:#81d742;\"><\/span><\/div><div>zarz\u0105dzanie powiernicze przedsi\u0119biorstwem na zlecenie spadkobierc\u00f3w os\u00f3b zmar\u0142ych, w tym tak\u017ce \u015bci\u0105gni\u0119cie wymagalnych wierzytelno\u015bci os\u00f3b zmar\u0142ych, np. udzielonych przez zmar\u0142ego po\u017cyczek<\/div><\/li><li><div><span class=\"icon icon-checkmark\" style=\"color:#81d742;\"><\/span><\/div><div>egzekwowanie wymagalnych zobowi\u0105za\u0144 nale\u017cnych osobie zmar\u0142ej (np. po\u017cyczki, niezap\u0142acone faktury, itp.) lub kontynuowanie spraw s\u0105dowych, w kt\u00f3rych zmar\u0142y bra\u0142 udzia\u0142<\/div><\/li><li><div><span class=\"icon icon-checkmark\" style=\"color:#81d742;\"><\/span><\/div><div>przeciwdzia\u0142anie przedawnianiu si\u0119 roszcze\u0144 spadkobierc\u00f3w os\u00f3b zmar\u0142ych w stosunku do os\u00f3b fizycznych i prawnych, w tym instytucji finansowych posiadaj\u0105cych \u015brodki finansowe zmar\u0142ego lub w stosunku do innych d\u0142u\u017cnik\u00f3w zmar\u0142ego (zwrot ruchomo\u015bci, umowy po\u017cyczek i inne)<\/div><\/li><li><div><span class=\"icon icon-checkmark\" style=\"color:#81d742;\"><\/span><\/div><div>zabezpieczenie maj\u0105tku osoby zmar\u0142ej, np. firmy i maj\u0105tku firmowego, maszyn, pojazd\u00f3w lub aktyw\u00f3w zmar\u0142ego: wierzytelno\u015bci, akcji, udzia\u0142\u00f3w, itp.<\/div><\/li><li><div><span class=\"icon icon-checkmark\" style=\"color:#81d742;\"><\/span><\/div><div>zapobieganie przej\u0119ciu maj\u0105tku spadkowego przez instytucje lub osoby fizyczne do tego nieuprawnione, w tym zapobieganie wykorzystaniu przez osoby nieuprawnione istniej\u0105cych mechanizm\u00f3w prawnych do przej\u0119cia maj\u0105tku osoby zmar\u0142ej<\/div><\/li><li><div><span class=\"icon icon-checkmark\" style=\"color:#81d742;\"><\/span><\/div><div>ochrona \u015brodk\u00f3w pieni\u0119\u017cnych osoby zmar\u0142ej przed nieuprawnionymi wyp\u0142atami z rachunku bankowego po jej \u015bmierci, np. przy u\u017cyciu kart p\u0142atniczych (kredytowych\/debetowych) przez pozosta\u0142ych cz\u0142onk\u00f3w rodziny, osoby opiekuj\u0105ce si\u0119 osob\u0105 zmar\u0142\u0105 przed jej \u015bmierci\u0105 albo przest\u0119pc\u00f3w. Przeciwdzia\u0142anie zaci\u0105ganiu zobowi\u0105za\u0144 na osob\u0119 zmar\u0142\u0105 i przeciwdzia\u0142anie obci\u0105\u017caniu jej maj\u0105tku i rachunk\u00f3w bankowych.<\/div><\/li><li><div><span class=\"icon icon-checkmark\" style=\"color:#81d742;\"><\/span><\/div><div>przywr\u00f3cenie posiadania nad ruchomo\u015bciami zmar\u0142ego (np. maszyny, urz\u0105dzenia, pojazdy, dzie\u0142a sztuki)<\/div><\/li><li><div><span class=\"icon icon-checkmark\" style=\"color:#81d742;\"><\/span><\/div><div>inne czynno\u015bci uzgodnione ze spadkobiercami lub realizowane na ich pro\u015bb\u0119, zar\u00f3wno w kraju jak i za granic\u0105<\/div><\/li><\/ul>[\/vc_tta_section][\/vc_tta_accordion][vc_row_inner css=&#8221;.vc_custom_1481724962954{padding-bottom: 50px !important;}&#8221;][vc_column_inner width=&#8221;1\/2&#8243;][vc_btn title=&#8221;Us\u0142ugi podstawowe&#8221; style=&#8221;flat&#8221; color=&#8221;default&#8221; i_icon_fontawesome=&#8221;fa fa-plus&#8221; link=&#8221;url:http%3A%2F%2Fraportyspadkowe.pl%2F%3Fpage_id%3D3619|||&#8221; add_icon=&#8221;true&#8221;][vc_btn title=&#8221;Pobierz nasz folder&#8221; color=&#8221;default&#8221; i_icon_fontawesome=&#8221;fa fa-file-pdf-o&#8221; link=&#8221;url:http%3A%2F%2Fraportyspadkowe.pl%2Fwp-content%2Fuploads%2F2017%2F01%2Fraporty_ulotka.pdf|||&#8221; add_icon=&#8221;true&#8221;][\/vc_column_inner][\/vc_row_inner][\/vc_column][\/vc_row][vc_row full_width=&#8221;true&#8221; autoheight=&#8221;true&#8221; padding_top=&#8221;0&#8243; padding_bottom=&#8221;0&#8243;][vc_column]<div id=\"nz-tagline-1\" style=\"background-color:#273891;\" class=\"nz-tagline\"><div class=\"container nz-clearfix\"><span class=\"tagline-title\" style=color:#ffffff !important;>Skontaktuj si\u0119 z nami w sprawie przygotowania oferty<\/span><a class=\"button button-normal full-false medium square animate-false anim-type-ghost hover-fill white icon-false\" href=\"http:\/\/raportyspadkowe.pl\/?page_id=3172\" target=\"_self\"><span class=\"txt\">Napisz do Nas<\/span><\/a><\/div><\/div>[\/vc_column][\/vc_row]<\/p>\n","protected":false},"excerpt":{"rendered":"<p>[vc_row padding_top=&#8221;45&#8243; padding_bottom=&#8221;0&#8243;][vc_column][vc_tta_accordion style=&#8221;flat&#8221; color=&#8221;white&#8221; c_align=&#8221;center&#8221; c_icon=&#8221;chevron&#8221; active_section=&#8221;1&#8243; collapsible_all=&#8221;true&#8221;][vc_tta_section title=&#8221;Us\u0142ugi dodatkowe uzupe\u0142niaj\u0105ce Raport Spadkowy&#8221; tab_id=&#8221;1481719719793-a0d82e02-cfee&#8221;][\/vc_tta_section][vc_tta_section title=&#8221;Przyk\u0142adowe us\u0142ugi dodatkowe uzupe\u0142niaj\u0105ce Raport Spadkowy mog\u0105 obejmowa\u0107&#8221; tab_id=&#8221;1481719719875-691ffcae-aa83&#8243;][\/vc_tta_section][\/vc_tta_accordion][vc_row_inner css=&#8221;.vc_custom_1481724962954{padding-bottom: 50px !important;}&#8221;][vc_column_inner width=&#8221;1\/2&#8243;][vc_btn title=&#8221;Us\u0142ugi podstawowe&#8221; style=&#8221;flat&#8221; color=&#8221;default&#8221; i_icon_fontawesome=&#8221;fa fa-plus&#8221; link=&#8221;url:http%3A%2F%2Fraportyspadkowe.pl%2F%3Fpage_id%3D3619|||&#8221; add_icon=&#8221;true&#8221;][vc_btn title=&#8221;Pobierz nasz folder&#8221; color=&#8221;default&#8221; i_icon_fontawesome=&#8221;fa fa-file-pdf-o&#8221; link=&#8221;url:http%3A%2F%2Fraportyspadkowe.pl%2Fwp-content%2Fuploads%2F2017%2F01%2Fraporty_ulotka.pdf|||&#8221; add_icon=&#8221;true&#8221;][\/vc_column_inner][\/vc_row_inner][\/vc_column][\/vc_row][vc_row full_width=&#8221;true&#8221; autoheight=&#8221;true&#8221; padding_top=&#8221;0&#8243; padding_bottom=&#8221;0&#8243;][vc_column][\/vc_column][\/vc_row]<\/p>\n","protected":false},"author":1,"featured_media":0,"parent":0,"menu_order":0,"comment_status":"closed","ping_status":"closed","template":"page-vc.php","meta":{"_mi_skip_tracking":false},"_links":{"self":[{"href":"https:\/\/raportyspadkowe.pl\/index.php?rest_route=\/wp\/v2\/pages\/3692"}],"collection":[{"href":"https:\/\/raportyspadkowe.pl\/index.php?rest_route=\/wp\/v2\/pages"}],"about":[{"href":"https:\/\/raportyspadkowe.pl\/index.php?rest_route=\/wp\/v2\/types\/page"}],"author":[{"embeddable":true,"href":"https:\/\/raportyspadkowe.pl\/index.php?rest_route=\/wp\/v2\/users\/1"}],"replies":[{"embeddable":true,"href":"https:\/\/raportyspadkowe.pl\/index.php?rest_route=%2Fwp%2Fv2%2Fcomments&post=3692"}],"version-history":[{"count":63,"href":"https:\/\/raportyspadkowe.pl\/index.php?rest_route=\/wp\/v2\/pages\/3692\/revisions"}],"predecessor-version":[{"id":4281,"href":"https:\/\/raportyspadkowe.pl\/index.php?rest_route=\/wp\/v2\/pages\/3692\/revisions\/4281"}],"wp:attachment":[{"href":"https:\/\/raportyspadkowe.pl\/index.php?rest_route=%2Fwp%2Fv2%2Fmedia&parent=3692"}],"curies":[{"name":"wp","href":"https:\/\/api.w.org\/{rel}","templated":true}]}}