{"id":3674,"date":"2016-12-07T09:39:56","date_gmt":"2016-12-07T09:39:56","guid":{"rendered":"http:\/\/raportyspadkowe.pl\/?page_id=3674"},"modified":"2017-03-14T13:02:32","modified_gmt":"2017-03-14T13:02:32","slug":"poufnosc","status":"publish","type":"page","link":"https:\/\/raportyspadkowe.pl\/?page_id=3674","title":{"rendered":"Poufno\u015b\u0107"},"content":{"rendered":"<p>[vc_row autoheight=&#8221;true&#8221; padding_top=&#8221;0&#8243; padding_bottom=&#8221;0&#8243; css=&#8221;.vc_custom_1453217339571{padding-top: 50px !important;padding-bottom: 50px !important;}&#8221;][vc_column width=&#8221;1\/2&#8243;]<div class='gap nz-clearfix' style='height:30px'>&nbsp;<\/div>[vc_column_text]<\/p>\n<h3><span style=\"font-size: 20px; line-height: 26px; color: #010729;\">Poufno\u015b\u0107<\/span><\/h3>\n<p><span style=\"color: #777777;\">Wiemy, \u017ce sprawy z kt\u00f3rymi si\u0119 do nas Pa\u0144stwo zwracacie s\u0105 dla Was niezwykle wa\u017cne. Przywi\u0105zujemy du\u017c\u0105 wag\u0119 do zachowania poufno\u015bci i przestrzegamy tajemnic naszych klient\u00f3w. Od wielu lat posiadamy dost\u0119p do wra\u017cliwych danych przedsi\u0119biorc\u00f3w i os\u00f3b fizycznych oraz do danych obj\u0119tych tajemnic\u0105 s\u0105dow\u0105. Nasi pracownicy bior\u0105 udzia\u0142 w post\u0119powaniach s\u0105dowych i spadkowych. Wykonujemy zlecenia r\u00f3wnie\u017c dla organ\u00f3w procesowych. Rozumiemy specyfik\u0119 powierzanych nam zagadnie\u0144 oraz tajemnic rodzinnych. Przestrzegamy zasad poufno\u015bci.<\/span>[\/vc_column_text]<div class='gap nz-clearfix' style='height:25px'>&nbsp;<\/div>[vc_row_inner][vc_column_inner width=&#8221;1\/2&#8243;][vc_btn title=&#8221;Zobacz nasz\u0105 ofert\u0119&#8221; color=&#8221;default&#8221; align=&#8221;left&#8221; i_icon_fontawesome=&#8221;fa fa-plus&#8221; link=&#8221;url:http%3A%2F%2Fraportyspadkowe.pl%2F%3Fpage_id%3D3619|||&#8221; add_icon=&#8221;true&#8221;][\/vc_column_inner][vc_column_inner width=&#8221;1\/2&#8243;][vc_btn title=&#8221;Pobierz nasz folder&#8221; color=&#8221;default&#8221; align=&#8221;left&#8221; i_icon_fontawesome=&#8221;fa fa-file-pdf-o&#8221; link=&#8221;url:%20http%3A%2F%2Fraportyspadkowe.pl%2Fwp-content%2Fuploads%2F2017%2F01%2Fraporty_ulotka.pdf%20|||&#8221; add_icon=&#8221;true&#8221;][\/vc_column_inner][\/vc_row_inner][\/vc_column][vc_column width=&#8221;1\/2&#8243; margin_b=&#8221;false&#8221;]<div class='gap nz-clearfix' style='height:70px'>&nbsp;<\/div><img class=\"aligncenter size-full wp-image-4284 \" src=\"https:\/\/raportyspadkowe.pl\/wp-content\/uploads\/2016\/12\/poufnosc.png\" alt=\"4284\" width=\"350\" height=\"350\"><div class='gap nz-clearfix' style='height:100px'>&nbsp;<\/div>[\/vc_column][\/vc_row][vc_row full_width=&#8221;true&#8221; autoheight=&#8221;true&#8221; padding_top=&#8221;0&#8243; padding_bottom=&#8221;-25&#8243;][vc_column]<div class='gap nz-clearfix' style='height:35px'>&nbsp;<\/div><div id=\"nz-tagline-1\" style=\"background-color:#273891;\" class=\"nz-tagline\"><div class=\"container nz-clearfix\"><span class=\"tagline-title\" style=color:#ffffff !important;>Skontaktuj si\u0119 z nami w sprawie przygotowania oferty<\/span><a class=\"button button-normal full-false medium square animate-false anim-type-ghost hover-fill white icon-false\" href=\"http:\/\/raportyspadkowe.pl\/?page_id=3172\" target=\"_self\"><span class=\"txt\">Napisz do nas<\/span><\/a><\/div><\/div>[\/vc_column][\/vc_row]<\/p>\n","protected":false},"excerpt":{"rendered":"<p>[vc_row autoheight=&#8221;true&#8221; padding_top=&#8221;0&#8243; padding_bottom=&#8221;0&#8243; css=&#8221;.vc_custom_1453217339571{padding-top: 50px !important;padding-bottom: 50px !important;}&#8221;][vc_column width=&#8221;1\/2&#8243;][vc_column_text] Poufno\u015b\u0107 Wiemy, \u017ce sprawy z kt\u00f3rymi si\u0119 do nas Pa\u0144stwo zwracacie s\u0105 dla Was niezwykle wa\u017cne. Przywi\u0105zujemy du\u017c\u0105 wag\u0119 do zachowania poufno\u015bci i przestrzegamy tajemnic naszych klient\u00f3w. Od wielu lat posiadamy dost\u0119p do wra\u017cliwych danych przedsi\u0119biorc\u00f3w i os\u00f3b fizycznych oraz do danych obj\u0119tych tajemnic\u0105 s\u0105dow\u0105. [&hellip;]<\/p>\n","protected":false},"author":1,"featured_media":0,"parent":0,"menu_order":0,"comment_status":"closed","ping_status":"closed","template":"page-vc.php","meta":{"_mi_skip_tracking":false},"_links":{"self":[{"href":"https:\/\/raportyspadkowe.pl\/index.php?rest_route=\/wp\/v2\/pages\/3674"}],"collection":[{"href":"https:\/\/raportyspadkowe.pl\/index.php?rest_route=\/wp\/v2\/pages"}],"about":[{"href":"https:\/\/raportyspadkowe.pl\/index.php?rest_route=\/wp\/v2\/types\/page"}],"author":[{"embeddable":true,"href":"https:\/\/raportyspadkowe.pl\/index.php?rest_route=\/wp\/v2\/users\/1"}],"replies":[{"embeddable":true,"href":"https:\/\/raportyspadkowe.pl\/index.php?rest_route=%2Fwp%2Fv2%2Fcomments&post=3674"}],"version-history":[{"count":40,"href":"https:\/\/raportyspadkowe.pl\/index.php?rest_route=\/wp\/v2\/pages\/3674\/revisions"}],"predecessor-version":[{"id":4285,"href":"https:\/\/raportyspadkowe.pl\/index.php?rest_route=\/wp\/v2\/pages\/3674\/revisions\/4285"}],"wp:attachment":[{"href":"https:\/\/raportyspadkowe.pl\/index.php?rest_route=%2Fwp%2Fv2%2Fmedia&parent=3674"}],"curies":[{"name":"wp","href":"https:\/\/api.w.org\/{rel}","templated":true}]}}