{"id":3619,"date":"2016-05-25T06:19:20","date_gmt":"2016-05-25T06:19:20","guid":{"rendered":"http:\/\/ninzio.com\/focuson\/?page_id=3619"},"modified":"2017-02-14T14:22:12","modified_gmt":"2017-02-14T14:22:12","slug":"services-2","status":"publish","type":"page","link":"https:\/\/raportyspadkowe.pl\/?page_id=3619","title":{"rendered":"Us\u0142ugi podstawowe"},"content":{"rendered":"<p>[vc_row padding_top=&#8221;0&#8243; padding_bottom=&#8221;0&#8243;][vc_column]<div class='gap nz-clearfix' style='height:30px'>&nbsp;<\/div>[vc_column_text]<span style=\"color: #777777;\">\u015awiadczymy kompleksowe us\u0142ugi weryfikacji spadku, od momentu \u015bmierci osoby fizycznej, poprzez poszukiwanie maj\u0105tku, umo\u017cliwienie wej\u015bcia w posiadanie maj\u0105tku spadkowego.<\/span>[\/vc_column_text]<div class='gap nz-clearfix' style='height:30px'>&nbsp;<\/div>[vc_tta_accordion style=&#8221;flat&#8221; color=&#8221;white&#8221; c_align=&#8221;center&#8221; c_icon=&#8221;chevron&#8221; active_section=&#8221;1&#8243; collapsible_all=&#8221;true&#8221;][vc_tta_section title=&#8221;Do kogo jest skierowana us\u0142uga? &#8221; tab_id=&#8221;1481140640684-3b491f63-5f6b&#8221;]<ul class=\"nz-i-list circle\"><li><div><span class=\"icon icon-checkmark\" style=\"color:#81d742;\"><\/span><\/div><div>rodzin lub nast\u0119pc\u00f3w prawnych obywateli Polski zmar\u0142ych w Polsce oraz poza jej granicami<\/div><\/li><li><div><span class=\"icon icon-checkmark\" style=\"color:#81d742;\"><\/span><\/div><div>rodzin lub nast\u0119pc\u00f3w prawnych obcokrajowc\u00f3w zmar\u0142ych w Polsce<\/div><\/li><li><div><span class=\"icon icon-checkmark\" style=\"color:#81d742;\"><\/span><\/div><div>os\u00f3b uprawnionych do zachowku po osobie zmar\u0142ej<\/div><\/li><li><div><span class=\"icon icon-checkmark\" style=\"color:#81d742;\"><\/span><\/div><div>jednostek samorz\u0105du terytorialnego<\/div><\/li><\/ul>[vc_column_text][\/vc_column_text][\/vc_tta_section][vc_tta_section title=&#8221;Jaki rodzaj maj\u0105tku jest weryfikowany w ramach Raportu Spadkowego? &#8221; tab_id=&#8221;1481140749684-ce3952bc-171b&#8221;]<ul class=\"nz-i-list \"><li><div><span class=\"icon icon-checkmark\" style=\"color:#81d742;\"><\/span><\/div><div>\u015brodki pieni\u0119\u017cne zdeponowane w instytucjach finansowych na rachunkach bankowych<\/div><\/li><li><div><span class=\"icon icon-checkmark\" style=\"color:#81d742;\"><\/span><\/div><div>prawo w\u0142asno\u015bci lub wsp\u00f3\u0142w\u0142asno\u015bci nieruchomo\u015bci<\/div><\/li><li><div><span class=\"icon icon-checkmark\" style=\"color:#81d742;\"><\/span><\/div><div>przedsi\u0119biorstwa, akcje lub udzia\u0142y w sp\u00f3\u0142kach i innych organizacjach<\/div><\/li><li><div><span class=\"icon icon-checkmark\" style=\"color:#81d742;\"><\/span><\/div><div>pojazdy podlegaj\u0105ce rejestracji (np. samoch\u00f3d osobowy, przyczepa)<\/div><\/li><li><div><span class=\"icon icon-checkmark\" style=\"color:#81d742;\"><\/span><\/div><div>zastaw ustanowiony na rzecz osoby zmar\u0142ej<\/div><\/li><li><div><span class=\"icon icon-checkmark\" style=\"color:#81d742;\"><\/span><\/div><div>inne wytypowane przez analityka \u017ar\u00f3d\u0142a<\/div><\/li><\/ul>[\/vc_tta_section][vc_tta_section title=&#8221;Korzy\u015bci zwi\u0105zane z us\u0142ug\u0105 &#8221; tab_id=&#8221;1481140786007-1ca97859-f67d&#8221;]<ul class=\"nz-i-list \"><li><div><span class=\"icon icon-checkmark\" style=\"color:#81d742;\"><\/span><\/div><div>uzyskiwanie dla spadkobierc\u00f3w dost\u0119pu do informacji obj\u0119tych tajemnic\u0105 bankow\u0105 lub handlow\u0105<\/div><\/li><li><div><span class=\"icon icon-checkmark\" style=\"color:#81d742;\"><\/span><\/div><div>zweryfikowanie maj\u0105tku osoby zmar\u0142ej do cel\u00f3w post\u0119powa\u0144 s\u0105dowych, skarbowych lub post\u0119powa\u0144 zwi\u0105zanych z podzia\u0142em maj\u0105tku spadkowego<\/div><\/li><li><div><span class=\"icon icon-checkmark\" style=\"color:#81d742;\"><\/span><\/div><div>odnalezienie nieznanego maj\u0105tku osoby zmar\u0142ej lub maj\u0105tku pomini\u0119tego przez spadkobierc\u00f3w albo celowo ukrytego<\/div><\/li><li><div><span class=\"icon icon-checkmark\" style=\"color:#81d742;\"><\/span><\/div><div>pomoc w obs\u0142udze odnalezionego maj\u0105tku osoby zmar\u0142ej<\/div><\/li><li><div><span class=\"icon icon-checkmark\" style=\"color:#81d742;\"><\/span><\/div><div>pomoc w odzyskaniu odnalezionego maj\u0105tku osoby zmar\u0142ej<\/div><\/li><\/ul>[\/vc_tta_section][\/vc_tta_accordion]<div class='gap nz-clearfix' style='height:25px'>&nbsp;<\/div>[vc_row_inner][vc_column_inner width=&#8221;1\/2&#8243;][vc_btn title=&#8221;Pobierz nasz folder&#8221; color=&#8221;default&#8221; i_icon_fontawesome=&#8221;fa fa-file-pdf-o&#8221; link=&#8221;url:http%3A%2F%2Fraportyspadkowe.pl%2Fwp-content%2Fuploads%2F2017%2F01%2Fraporty_ulotka.pdf|||&#8221; add_icon=&#8221;true&#8221;][vc_btn title=&#8221;Us\u0142ugi dodatkowe&#8221; color=&#8221;default&#8221; link=&#8221;url:http%3A%2F%2Fraportyspadkowe.pl%2F%3Fpage_id%3D3692%20|||&#8221;][\/vc_column_inner][\/vc_row_inner][\/vc_column][\/vc_row][vc_row full_width=&#8221;true&#8221; autoheight=&#8221;true&#8221; padding_top=&#8221;0&#8243; padding_bottom=&#8221;-25&#8243;][vc_column margin_b=&#8221;false&#8221;]<div class='gap nz-clearfix' style='height:100px'>&nbsp;<\/div><div id=\"nz-tagline-1\" style=\"background-color:#273891;\" class=\"nz-tagline\"><div class=\"container nz-clearfix\"><span class=\"tagline-title\" style=color:#ffffff !important;>Skontaktuj si\u0119 z nami w sprawie przygotowania oferty<\/span><a class=\"button button-normal full-false medium square animate-false anim-type-ghost hover-fill white icon-false\" href=\"http:\/\/raportyspadkowe.pl\/?page_id=3172\" target=\"_self\"><span class=\"txt\">Napisz do Nas<\/span><\/a><\/div><\/div>[\/vc_column][\/vc_row]<\/p>\n","protected":false},"excerpt":{"rendered":"<p>[vc_row padding_top=&#8221;0&#8243; padding_bottom=&#8221;0&#8243;][vc_column][vc_column_text]\u015awiadczymy kompleksowe us\u0142ugi weryfikacji spadku, od momentu \u015bmierci osoby fizycznej, poprzez poszukiwanie maj\u0105tku, umo\u017cliwienie wej\u015bcia w posiadanie maj\u0105tku spadkowego.[\/vc_column_text][vc_tta_accordion style=&#8221;flat&#8221; color=&#8221;white&#8221; c_align=&#8221;center&#8221; c_icon=&#8221;chevron&#8221; active_section=&#8221;1&#8243; collapsible_all=&#8221;true&#8221;][vc_tta_section title=&#8221;Do kogo jest skierowana us\u0142uga? &#8221; tab_id=&#8221;1481140640684-3b491f63-5f6b&#8221;][vc_column_text][\/vc_column_text][\/vc_tta_section][vc_tta_section title=&#8221;Jaki rodzaj maj\u0105tku jest weryfikowany w ramach Raportu Spadkowego? &#8221; tab_id=&#8221;1481140749684-ce3952bc-171b&#8221;][\/vc_tta_section][vc_tta_section title=&#8221;Korzy\u015bci zwi\u0105zane z us\u0142ug\u0105 &#8221; tab_id=&#8221;1481140786007-1ca97859-f67d&#8221;][\/vc_tta_section][\/vc_tta_accordion][vc_row_inner][vc_column_inner width=&#8221;1\/2&#8243;][vc_btn title=&#8221;Pobierz nasz folder&#8221; [&hellip;]<\/p>\n","protected":false},"author":1,"featured_media":0,"parent":0,"menu_order":0,"comment_status":"closed","ping_status":"closed","template":"page-vc.php","meta":{"_mi_skip_tracking":false},"_links":{"self":[{"href":"https:\/\/raportyspadkowe.pl\/index.php?rest_route=\/wp\/v2\/pages\/3619"}],"collection":[{"href":"https:\/\/raportyspadkowe.pl\/index.php?rest_route=\/wp\/v2\/pages"}],"about":[{"href":"https:\/\/raportyspadkowe.pl\/index.php?rest_route=\/wp\/v2\/types\/page"}],"author":[{"embeddable":true,"href":"https:\/\/raportyspadkowe.pl\/index.php?rest_route=\/wp\/v2\/users\/1"}],"replies":[{"embeddable":true,"href":"https:\/\/raportyspadkowe.pl\/index.php?rest_route=%2Fwp%2Fv2%2Fcomments&post=3619"}],"version-history":[{"count":111,"href":"https:\/\/raportyspadkowe.pl\/index.php?rest_route=\/wp\/v2\/pages\/3619\/revisions"}],"predecessor-version":[{"id":4237,"href":"https:\/\/raportyspadkowe.pl\/index.php?rest_route=\/wp\/v2\/pages\/3619\/revisions\/4237"}],"wp:attachment":[{"href":"https:\/\/raportyspadkowe.pl\/index.php?rest_route=%2Fwp%2Fv2%2Fmedia&parent=3619"}],"curies":[{"name":"wp","href":"https:\/\/api.w.org\/{rel}","templated":true}]}}