{"id":3172,"date":"2016-03-31T11:55:39","date_gmt":"2016-03-31T11:55:39","guid":{"rendered":"http:\/\/ninzio.com\/focuson\/?page_id=3172"},"modified":"2021-12-06T13:23:32","modified_gmt":"2021-12-06T13:23:32","slug":"contact-form","status":"publish","type":"page","link":"https:\/\/raportyspadkowe.pl\/?page_id=3172","title":{"rendered":"Kontakt"},"content":{"rendered":"<p>[vc_row padding_top=&#8221;0&#8243; padding_bottom=&#8221;70&#8243;][vc_column width=&#8221;1\/2&#8243;]<div class='gap nz-clearfix' style='height:25px'>&nbsp;<\/div>[vc_column_text]<\/p>\n<h3><span style=\"font-size: 16px; line-height: 26px; color: #000000;\">Napisz do Nas<\/span><\/h3>\n<p>[\/vc_column_text]<div class=\"sep-wrap left nz-clearfix\"><div class=\"nz-separator solid\" style=\"border-bottom-color:#eeeeee;width:100px;border-bottom-width:1px;border-bottom-style:solid;margin-bottom:10px;\">&nbsp;<\/div><\/div><div role=\"form\" class=\"wpcf7\" id=\"wpcf7-f3810-o1\" lang=\"pl-PL\" dir=\"ltr\">\n<div class=\"screen-reader-response\"><p role=\"status\" aria-live=\"polite\" aria-atomic=\"true\"><\/p> <ul><\/ul><\/div>\n<form action=\"\/index.php?rest_route=%2Fwp%2Fv2%2Fpages%2F3172#wpcf7-f3810-o1\" method=\"post\" class=\"wpcf7-form init\" novalidate=\"novalidate\" data-status=\"init\">\n<div style=\"display: none;\">\n<input type=\"hidden\" name=\"_wpcf7\" value=\"3810\" \/>\n<input type=\"hidden\" name=\"_wpcf7_version\" value=\"5.4.1\" \/>\n<input type=\"hidden\" name=\"_wpcf7_locale\" value=\"pl_PL\" \/>\n<input type=\"hidden\" name=\"_wpcf7_unit_tag\" value=\"wpcf7-f3810-o1\" \/>\n<input type=\"hidden\" name=\"_wpcf7_container_post\" value=\"0\" \/>\n<input type=\"hidden\" name=\"_wpcf7_posted_data_hash\" value=\"\" \/>\n<input type=\"hidden\" name=\"_wpcf7_recaptcha_response\" value=\"\" \/>\n<\/div>\n<p><label> Imi\u0119 i nazwisko (wymagane)<br \/>\n    <span class=\"wpcf7-form-control-wrap your-name\"><input type=\"text\" name=\"your-name\" value=\"\" size=\"40\" class=\"wpcf7-form-control wpcf7-text wpcf7-validates-as-required\" aria-required=\"true\" aria-invalid=\"false\" \/><\/span> <\/label><\/p>\n<p><label> Adres email (wymagane)<br \/>\n    <span class=\"wpcf7-form-control-wrap your-email\"><input type=\"email\" name=\"your-email\" value=\"\" size=\"40\" class=\"wpcf7-form-control wpcf7-text wpcf7-email wpcf7-validates-as-required wpcf7-validates-as-email\" aria-required=\"true\" aria-invalid=\"false\" \/><\/span> <\/label><\/p>\n<p><label> Temat<br \/>\n    <span class=\"wpcf7-form-control-wrap your-subject\"><input type=\"text\" name=\"your-subject\" value=\"\" size=\"40\" class=\"wpcf7-form-control wpcf7-text\" aria-invalid=\"false\" \/><\/span> <\/label><\/p>\n<p><label> Tre\u015b\u0107 wiadomo\u015bci<br \/>\n    <span class=\"wpcf7-form-control-wrap your-message\"><textarea name=\"your-message\" cols=\"40\" rows=\"10\" class=\"wpcf7-form-control wpcf7-textarea\" aria-invalid=\"false\"><\/textarea><\/span> <\/label><\/p>\n<p><input type=\"hidden\" name=\"_wpcf7_captcha_challenge_captcha-170\" value=\"1424538687\" \/><img class=\"wpcf7-form-control wpcf7-captchac wpcf7-captcha-captcha-170\" width=\"72\" height=\"24\" alt=\"captcha\" src=\"https:\/\/raportyspadkowe.pl\/wp-content\/uploads\/wpcf7_captcha\/1424538687.png\" \/><br \/>\n<span class=\"wpcf7-form-control-wrap captcha-170\"><input type=\"text\" name=\"captcha-170\" value=\"\" size=\"4\" maxlength=\"4\" class=\"wpcf7-form-control wpcf7-captchar\" autocomplete=\"off\" aria-invalid=\"false\" \/><\/span><\/p>\n<p><input type=\"submit\" value=\"Wy\u015blij\" class=\"wpcf7-form-control wpcf7-submit\" \/><\/p>\n<p style=\"display: none !important;\"><label>&#916;<textarea name=\"_wpcf7_ak_hp_textarea\" cols=\"45\" rows=\"8\" maxlength=\"100\"><\/textarea><\/label><input type=\"hidden\" id=\"ak_js_1\" name=\"_wpcf7_ak_js\" value=\"227\"\/><script>document.getElementById( \"ak_js_1\" ).setAttribute( \"value\", ( new Date() ).getTime() );<\/script><\/p><div class=\"wpcf7-response-output\" aria-hidden=\"true\"><\/div><\/form><\/div>[\/vc_column][vc_column width=&#8221;1\/2&#8243;]<div class='gap nz-clearfix' style='height:125px'>&nbsp;<\/div>[vc_row_inner][vc_column_inner width=&#8221;1\/2&#8243;][vc_column_text]<span class=\"nz-icon none small icon-phone2 animate-false\" style=\"color:#9e9e9e;\"><\/span>+48 502\u00a0619\u00a0262<\/p>\n<span class=\"nz-icon none small icon-skype animate-false\" style=\"color:#9e9e9e;\"><\/span> Skype: Raporty Spadkowe [\/vc_column_text]<div class='gap nz-clearfix' style='height:5px'>&nbsp;<\/div>[vc_column_text]<span class=\"nz-icon none small icon-mail6 animate-false\" style=\"color:#9e9e9e;\"><\/span> <a href=\"mailto:kancelaria@raportyspadkowe.pl\">kancelaria@raportyspadkowe.pl<\/a>[\/vc_column_text]<div class='gap nz-clearfix' style='height:5px'>&nbsp;<\/div>[vc_column_text]<span class=\"nz-icon none small icon-earth2 animate-false\" style=\"color:#9e9e9e;\"><\/span> www.raportyspadkowe.pl[\/vc_column_text]<div class='gap nz-clearfix' style='height:5px'>&nbsp;<\/div>[\/vc_column_inner][vc_column_inner width=&#8221;1\/2&#8243;][vc_column_text]MPA Sp. z o.o.<br \/>\nul. Ostrobramska 101<br \/>\n04-041 Warszawa<br \/>\nNIP: 5213327153<br \/>\nREGON: 140041967[\/vc_column_text][\/vc_column_inner][\/vc_row_inner]<div class=\"sep-wrap left nz-clearfix\"><div class=\"nz-separator solid\" style=\"border-bottom-color:#eeeeee;width:100px;border-bottom-width:1px;border-bottom-style:solid;margin-top:25px;margin-bottom:1px;\">&nbsp;<\/div><\/div><div class='gap nz-clearfix' style='height:25px'>&nbsp;<\/div>[vc_column_text]<\/p>\n<p>Podmiotem zarz\u0105dzaj\u0105cym i operatorem us\u0142ugi jest firma MPA Sp. z o.o. [\/vc_column_text]<div class=\"sep-wrap left nz-clearfix\"><div class=\"nz-separator solid\" style=\"border-bottom-color:#eeeeee;width:100px;border-bottom-width:1px;border-bottom-style:solid;margin-top:25px;margin-bottom:1px;\">&nbsp;<\/div><\/div>[vc_raw_html]JTNDJTNGcGhwJTIwZG9fYWN0aW9uJTI4JTI3d2lkZ2V0X2FjY2Vzc3R4dCUyNyUyOSUzQiUyMCUzRiUzRQ==[\/vc_raw_html][\/vc_column][\/vc_row]<\/p>\n","protected":false},"excerpt":{"rendered":"<p>Claritas est etiam processus dynamicus, qui sequitur mutationem consuetudium lectorum. Mirum est notare quam littera gothica, quam nunc putamus parum claram, anteposuerit litterarum formas humanitatis per seacula quarta decima et quinta decima. Eodem modo typi, qui nunc nobis videntur parum clari, fiant sollemnes in futurum.<\/p>\n","protected":false},"author":1,"featured_media":0,"parent":0,"menu_order":0,"comment_status":"closed","ping_status":"closed","template":"page-vc.php","meta":{"_mi_skip_tracking":false},"_links":{"self":[{"href":"https:\/\/raportyspadkowe.pl\/index.php?rest_route=\/wp\/v2\/pages\/3172"}],"collection":[{"href":"https:\/\/raportyspadkowe.pl\/index.php?rest_route=\/wp\/v2\/pages"}],"about":[{"href":"https:\/\/raportyspadkowe.pl\/index.php?rest_route=\/wp\/v2\/types\/page"}],"author":[{"embeddable":true,"href":"https:\/\/raportyspadkowe.pl\/index.php?rest_route=\/wp\/v2\/users\/1"}],"replies":[{"embeddable":true,"href":"https:\/\/raportyspadkowe.pl\/index.php?rest_route=%2Fwp%2Fv2%2Fcomments&post=3172"}],"version-history":[{"count":59,"href":"https:\/\/raportyspadkowe.pl\/index.php?rest_route=\/wp\/v2\/pages\/3172\/revisions"}],"predecessor-version":[{"id":4416,"href":"https:\/\/raportyspadkowe.pl\/index.php?rest_route=\/wp\/v2\/pages\/3172\/revisions\/4416"}],"wp:attachment":[{"href":"https:\/\/raportyspadkowe.pl\/index.php?rest_route=%2Fwp%2Fv2%2Fmedia&parent=3172"}],"curies":[{"name":"wp","href":"https:\/\/api.w.org\/{rel}","templated":true}]}}