{"id":3150,"date":"2016-03-31T11:41:33","date_gmt":"2016-03-31T11:41:33","guid":{"rendered":"http:\/\/ninzio.com\/focuson\/?page_id=3150"},"modified":"2017-03-14T13:08:30","modified_gmt":"2017-03-14T13:08:30","slug":"services","status":"publish","type":"page","link":"https:\/\/raportyspadkowe.pl\/?page_id=3150","title":{"rendered":"Idea"},"content":{"rendered":"<p>[vc_row padding_top=&#8221;0&#8243; padding_bottom=&#8221;0&#8243;][vc_column width=&#8221;7\/12&#8243;]<div class='gap nz-clearfix' style='height:30px'>&nbsp;<\/div>[vc_column_text]<\/p>\n<h3><span style=\"font-size: 20px; line-height: 26px; color: #000000;\">Idea<\/span><\/h3>\n<p><span style=\"color: #777777;\">Dw\u00f3ch cz\u0142onk\u00f3w naszego zespo\u0142u, kt\u00f3rzy s\u0105 pomys\u0142odawcami us\u0142ugi Raporty Spadkowe, do\u015bwiadczy\u0142o traumy zwi\u0105zanej ze \u015bmierci\u0105 os\u00f3b najbli\u017cszych. W trakcie za\u0142atwiania spraw spadkowych okaza\u0142o si\u0119, \u017ce opr\u00f3cz \u017ca\u0142oby jako spadkobiercy musz\u0105 dodatkowo zmaga\u0107 si\u0119 z brakiem wsp\u00f3\u0142pracy cz\u0119\u015bci rodziny lub krewnych, nieprzyjaznymi procedurami narzuconymi przez urz\u0119dy oraz z niesp\u00f3jno\u015bci\u0105 regulacji prawnych i podatkowych. Mimo ogromnego do\u015bwiadczenia zawodowego zwi\u0105zanego ze stosowaniem prawa oraz pozyskiwaniem i analiz\u0105 danych autorzy us\u0142ugi nie byli w stanie uzyska\u0107 pe\u0142nej informacji o wszystkich sk\u0142adnikach maj\u0105tku swoich bliskich. Po kilku latach od tych wydarze\u0144 autorzy wymienili si\u0119 swoimi do\u015bwiadczeniami i przemy\u015bleniami.<\/span><\/p>\n<p><span style=\"color: #777777;\">Zaowocowa\u0142o to rozpocz\u0119ciem w czerwcu 2014 r. projektu, kt\u00f3rego celem by\u0142o u\u0142atwianie spadkobiercom odnalezienia maj\u0105tk\u00f3w os\u00f3b zmar\u0142ych. W marcu 2015 r. projekt wspar\u0142y osoby, kt\u00f3re zawodowo zajmuj\u0105 si\u0119 obs\u0142ug\u0105 spadkobierc\u00f3w i rodzin os\u00f3b zmar\u0142ych. Autorzy otrzymali dodatkowe wsparcie merytoryczne w ko\u0144cowej fazie komercjalizacji projektu. W marcu 2016 r. projekt zosta\u0142 skomercjalizowany, a us\u0142uga Raporty Spadkowe zdobywa coraz wi\u0119ksze zainteresowanie.<\/span>[\/vc_column_text][\/vc_column][vc_column width=&#8221;5\/12&#8243; margin_b=&#8221;false&#8221;]<div class='gap nz-clearfix' style='height:70px'>&nbsp;<\/div><img class=\"aligncenter size-full wp-image-4283 \" src=\"https:\/\/raportyspadkowe.pl\/wp-content\/uploads\/2016\/12\/idea.png\" alt=\"4283\" width=\"350\" height=\"350\"><div class='gap nz-clearfix' style='height:100px'>&nbsp;<\/div>[\/vc_column][\/vc_row][vc_row full_width=&#8221;true&#8221; padding_top=&#8221;0&#8243; padding_bottom=&#8221;-25&#8243;][vc_column margin_b=&#8221;false&#8221;]<div id=\"nz-tagline-1\" style=\"background-color:#273891;\" class=\"nz-tagline\"><div class=\"container nz-clearfix\"><span class=\"tagline-title\" style=color:#ffffff !important;>Skontaktuj si\u0119 z nami w sprawie przygotowania oferty<\/span><a class=\"button button-normal full-false medium square animate-false anim-type-ghost hover-fill white icon-false\" href=\"http:\/\/raportyspadkowe.pl\/?page_id=3172\" target=\"_self\"><span class=\"txt\">Napisz do nas<\/span><\/a><\/div><\/div>[\/vc_column][\/vc_row]<\/p>\n","protected":false},"excerpt":{"rendered":"<p>Claritas est etiam processus dynamicus, qui sequitur mutationem consuetudium lectorum. Mirum est notare quam littera gothica, quam nunc putamus parum claram, anteposuerit litterarum formas humanitatis per seacula quarta decima et quinta decima. Eodem modo typi, qui nunc nobis videntur parum clari, fiant sollemnes in futurum.<\/p>\n","protected":false},"author":1,"featured_media":0,"parent":0,"menu_order":0,"comment_status":"closed","ping_status":"closed","template":"page-vc.php","meta":{"_mi_skip_tracking":false},"_links":{"self":[{"href":"https:\/\/raportyspadkowe.pl\/index.php?rest_route=\/wp\/v2\/pages\/3150"}],"collection":[{"href":"https:\/\/raportyspadkowe.pl\/index.php?rest_route=\/wp\/v2\/pages"}],"about":[{"href":"https:\/\/raportyspadkowe.pl\/index.php?rest_route=\/wp\/v2\/types\/page"}],"author":[{"embeddable":true,"href":"https:\/\/raportyspadkowe.pl\/index.php?rest_route=\/wp\/v2\/users\/1"}],"replies":[{"embeddable":true,"href":"https:\/\/raportyspadkowe.pl\/index.php?rest_route=%2Fwp%2Fv2%2Fcomments&post=3150"}],"version-history":[{"count":43,"href":"https:\/\/raportyspadkowe.pl\/index.php?rest_route=\/wp\/v2\/pages\/3150\/revisions"}],"predecessor-version":[{"id":4291,"href":"https:\/\/raportyspadkowe.pl\/index.php?rest_route=\/wp\/v2\/pages\/3150\/revisions\/4291"}],"wp:attachment":[{"href":"https:\/\/raportyspadkowe.pl\/index.php?rest_route=%2Fwp%2Fv2%2Fmedia&parent=3150"}],"curies":[{"name":"wp","href":"https:\/\/api.w.org\/{rel}","templated":true}]}}