
    
    {"id":2990,"date":"2016-03-30T10:32:39","date_gmt":"2016-03-30T10:32:39","guid":{"rendered":"http:\/\/ninzio.com\/focuson\/?page_id=2990"},"modified":"2017-08-11T22:02:38","modified_gmt":"2017-08-11T22:02:38","slug":"home-2","status":"publish","type":"page","link":"https:\/\/raportyspadkowe.pl\/","title":{"rendered":"Home"},"content":{"rendered":"<p>[vc_row background_color=&#8221;#f4f4f4&#8243; padding_top=&#8221;45&#8243; padding_bottom=&#8221;0&#8243;][vc_column][vc_row_inner][vc_column_inner width=&#8221;1\/3&#8243;][vc_column_text]<\/p>\n<h3><span style=\"font-size: 16px; line-height: 26px; color: #000000;\">Pe\u0142ne wsparcie<\/span><\/h3>\n<p>Jako jedyna firma na rynku \u015bwiadczymy kompleksowe us\u0142ugi weryfikacji spadku, od momentu \u015bmierci osoby fizycznej, poprzez poszukiwanie maj\u0105tku, umo\u017cliwienie wej\u015bcia w posiadanie maj\u0105tku spadkowego, a sko\u0144czywszy na windykacji wierzytelno\u015bci spadkowych, czyli \u015bci\u0105gni\u0119ciu d\u0142ug\u00f3w, kt\u00f3re r\u00f3\u017cne osoby i firmy mia\u0142y wobec zmar\u0142ego.[\/vc_column_text][\/vc_column_inner][vc_column_inner width=&#8221;1\/3&#8243;][vc_column_text]<\/p>\n<h3><span style=\"font-size: 16px; line-height: 26px; color: #000000;\">Do\u015bwiadczenie<\/span><\/h3>\n<p>Przez kilkana\u015bcie ostatnich lat pomagamy osobom fizycznym i prawnym w podejmowaniu kluczowych decyzji zwi\u0105zanych z bezpiecze\u0144stwem kapita\u0142u. Ci\u0105gle tworzymy nowe rozwi\u0105zania i us\u0142ugi, kt\u00f3re s\u0105 pomoce na co dzie\u0144 wielu osobom. W swojej pracy korzystamy z informacji zawartych w mi\u0119dzynarodowych bazach danych.<\/p>\n<p>[\/vc_column_text][\/vc_column_inner][vc_column_inner width=&#8221;1\/3&#8243;][vc_column_text]<\/p>\n<h3><span style=\"font-size: 16px; line-height: 26px; color: #000000;\">Wiedza<\/span><\/h3>\n<p>Nasza wiedza i do\u015bwiadczenie czyni\u0105 nas wiarygodnymi i odpowiedzialnymi partnerami dla os\u00f3b fizycznych, klient\u00f3w instytucjonalnych, w\u0142adz samorz\u0105dowych, aktualnych oraz przysz\u0142ych spadkobierc\u00f3w. Zapewniamy wiedz\u0119, profesjonalizm, rzetelno\u015b\u0107 i doskona\u0142\u0105 komunikacj\u0119 umo\u017cliwiaj\u0105c\u0105 sprawn\u0105 realizacj\u0119 Pa\u0144stwa potrzeb.<\/p>\n<p>[\/vc_column_text][\/vc_column_inner][\/vc_row_inner][\/vc_column][\/vc_row][vc_row padding_top=&#8221;0&#8243; padding_bottom=&#8221;0&#8243;][vc_column]<div class='gap nz-clearfix' style='height:40px'>&nbsp;<\/div>[vc_tta_accordion style=&#8221;flat&#8221; color=&#8221;white&#8221; c_align=&#8221;center&#8221; c_icon=&#8221;chevron&#8221; active_section=&#8221;1&#8243; collapsible_all=&#8221;true&#8221;][vc_tta_section title=&#8221;Czym jest Raport Spadkowy&#8221; tab_id=&#8221;1488475136654-adbf2b99-733c&#8221;]<ul class=\"nz-i-list circle\"><li><div><span class=\"icon icon-checkmark\" style=\"color:#81d742;\"><\/span><\/div><div>To us\u0142uga umo\u017cliwiaj\u0105c\u0105 weryfikacj\u0119 stanu maj\u0105tkowego osoby zmar\u0142ej i polegaj\u0105ca na zabezpieczeniu lub odzyskaniu \u015brodk\u00f3w pieni\u0119\u017cnych i maj\u0105tku osoby zmar\u0142ej w celu przekazania go rodzinie lub nast\u0119pcom prawnym uprawnionym do spadku. Naszym g\u0142\u00f3wnym zadaniem jest sprawdzenie, czy osoba zmar\u0142a pozostawi\u0142a maj\u0105tek, kt\u00f3ry rodzina pomin\u0119\u0142a lub o kt\u00f3rego istnieniu rodzina nie mia\u0142a wiedzy.<\/div><\/li><\/ul>[\/vc_tta_section][vc_tta_section title=&#8221;dla kogo wykonujemy Raporty Spadkowe&#8221; tab_id=&#8221;1481706128080-17f77273-454c&#8221;]<ul class=\"nz-i-list circle\"><li><div><span class=\"icon icon-checkmark\" style=\"color:#81d742;\"><\/span><\/div><div>rodzin lub nast\u0119pc\u00f3w prawnych obywateli Polski zmar\u0142ych w Polsce oraz poza jej granicami<\/div><\/li><li><div><span class=\"icon icon-checkmark\" style=\"color:#81d742;\"><\/span><\/div><div>rodzin lub nast\u0119pc\u00f3w prawnych obcokrajowc\u00f3w zmar\u0142ych w Polsce<\/div><\/li><li><div><span class=\"icon icon-checkmark\" style=\"color:#81d742;\"><\/span><\/div><div>os\u00f3b uprawnionych do zachowku po osobie zmar\u0142ej<\/div><\/li><li><div><span class=\"icon icon-checkmark\" style=\"color:#81d742;\"><\/span><\/div><div>jednostek samorz\u0105du terytorialnego<\/div><\/li><\/ul>[\/vc_tta_section][vc_tta_section title=&#8221;Rodzaje maj\u0105tku weryfikowane w ramach Raport\u00f3w Spadkowych&#8221; tab_id=&#8221;1481706128198-943e5327-9877&#8243;]<ul class=\"nz-i-list circle\"><li><div><span class=\"icon icon-checkmark\" style=\"color:#81d742;\"><\/span><\/div><div>\u015brodki pieni\u0119\u017cne zdeponowane w instytucjach finansowych na rachunkach bankowych<\/div><\/li><li><div><span class=\"icon icon-checkmark\" style=\"color:#81d742;\"><\/span><\/div><div>prawo w\u0142asno\u015bci lub wsp\u00f3\u0142w\u0142asno\u015bci nieruchomo\u015bci<\/div><\/li><li><div><span class=\"icon icon-checkmark\" style=\"color:#81d742;\"><\/span><\/div><div>przedsi\u0119biorstwa, akcje lub udzia\u0142y w sp\u00f3\u0142kach i innych organizacjach<\/div><\/li><li><div><span class=\"icon icon-checkmark\" style=\"color:#81d742;\"><\/span><\/div><div>pojazdy podlegaj\u0105ce rejestracji (np. samoch\u00f3d osobowy, przyczepa)<\/div><\/li><li><div><span class=\"icon icon-checkmark\" style=\"color:#81d742;\"><\/span><\/div><div>zastaw ustanowiony na rzecz osoby zmar\u0142ej<\/div><\/li><li><div><span class=\"icon icon-checkmark\" style=\"color:#81d742;\"><\/span><\/div><div>inne wytypowane przez analityka \u017ar\u00f3d\u0142a<\/div><\/li><\/ul>[\/vc_tta_section][vc_tta_section title=&#8221;Korzy\u015bci zwi\u0105zane z Raportem Spadkowym&#8221; tab_id=&#8221;1481706291998-3a396b76-e574&#8243;]<ul class=\"nz-i-list circle\"><li><div><span class=\"icon icon-checkmark\" style=\"color:#81d742;\"><\/span><\/div><div>uzyskiwanie dla spadkobierc\u00f3w dost\u0119pu do informacji obj\u0119tych tajemnic\u0105 bankow\u0105 lub handlow\u0105<\/div><\/li><li><div><span class=\"icon icon-checkmark\" style=\"color:#81d742;\"><\/span><\/div><div>zweryfikowanie maj\u0105tku osoby zmar\u0142ej do cel\u00f3w post\u0119powa\u0144 s\u0105dowych, skarbowych lub post\u0119powa\u0144 zwi\u0105zanych z podzia\u0142em maj\u0105tku spadkowego<\/div><\/li><li><div><span class=\"icon icon-checkmark\" style=\"color:#81d742;\"><\/span><\/div><div>odnalezienie nieznanego maj\u0105tku osoby zmar\u0142ej lub maj\u0105tku pomini\u0119tego przez spadkobierc\u00f3w albo celowo ukrytego<\/div><\/li><li><div><span class=\"icon icon-checkmark\" style=\"color:#81d742;\"><\/span><\/div><div>pomoc w obs\u0142udze odnalezionego maj\u0105tku osoby zmar\u0142ej<\/div><\/li><li><div><span class=\"icon icon-checkmark\" style=\"color:#81d742;\"><\/span><\/div><div>pomoc w odzyskaniu odnalezionego maj\u0105tku osoby zmar\u0142ej<\/div><\/li><\/ul>[\/vc_tta_section][\/vc_tta_accordion][\/vc_column][\/vc_row][vc_row][vc_column]<div id=\"nz-recent-posts-1\" data-animate=\"false\" data-autoplay=\"false\" data-columns=\"1\" class=\"lazy nz-recent-posts nz-carousel nz-clearfix\"><div class=\"post item format- nz-clearfix\" data-grid=\"ninzio_01\"><div class=\"post-body\"><div class=\"post-body-in\"><h3 class=\"post-title\"><a href=\"https:\/\/raportyspadkowe.pl\/?p=4393\" title=\"czytaj wi\u0119cej Krak\u00f3w odziedziczy\u0142 mieszkanie z cennymi obrazami polskich mistrz\u00f3w.\" rel=\"bookmark\">Krak\u00f3w odziedziczy\u0142 mieszkanie z cennymi obrazami polskich mistrz\u00f3w.<\/a><\/h3><div class=\"postmeta\"><div class=\"post-date-full\">28 wrze\u015bnia 2020<\/div><div class=\"post-category\"><a href=\"https:\/\/raportyspadkowe.pl\/?cat=1\" rel=\"category\">Aktualno\u015bci<\/a><\/div><\/div><div class=\"post-excerpt\">Niespodzianka w Krakowie. Jak podaje Onet i Polska Agencja Prasowa Krak\u00f3w odziedziczy\u0142 mieszkanie z obrazami polskich mistrz\u00f3w. [...]<\/div><a class=\"post-more\" href=\"https:\/\/raportyspadkowe.pl\/?p=4393\">czytaj wi\u0119cej<span class=\"icon-uniE91B icon\"><\/span><span class=\"screen-reader-text\">Krak\u00f3w odziedziczy\u0142 mieszkanie z cennymi obrazami polskich mistrz\u00f3w.<\/span><\/a><\/div><\/div><\/div><div class=\"post item format- nz-clearfix\" data-grid=\"ninzio_01\"><div class=\"post-body\"><div class=\"post-body-in\"><h3 class=\"post-title\"><a href=\"https:\/\/raportyspadkowe.pl\/?p=4389\" title=\"czytaj wi\u0119cej Jaka jest faktyczna warto\u015b\u0107 maj\u0105tk\u00f3w odziedziczonych przez gminy jako spadkobierc\u0119 ustawowego tzw. przymusowego. Korzystne statystyki.\" rel=\"bookmark\">Jaka jest faktyczna warto\u015b\u0107 maj\u0105tk\u00f3w odziedziczonych przez gminy jako spadkobierc\u0119 ustawowego tzw. przymusowego. Korzystne statystyki.<\/a><\/h3><div class=\"postmeta\"><div class=\"post-date-full\">3 kwietnia 2019<\/div><div class=\"post-category\"><a href=\"https:\/\/raportyspadkowe.pl\/?cat=1\" rel=\"category\">Aktualno\u015bci<\/a><\/div><\/div><div class=\"post-excerpt\">Raport Najwy\u017cszej Izby Kontroli. Wg danych z raportu NIK kontrolowane gminy w okresie 2015-2018 odziedziczy\u0142y maj\u0105tek o istotnej [...]<\/div><a class=\"post-more\" href=\"https:\/\/raportyspadkowe.pl\/?p=4389\">czytaj wi\u0119cej<span class=\"icon-uniE91B icon\"><\/span><span class=\"screen-reader-text\">Jaka jest faktyczna warto\u015b\u0107 maj\u0105tk\u00f3w odziedziczonych przez gminy jako spadkobierc\u0119 ustawowego tzw. przymusowego. Korzystne statystyki.<\/span><\/a><\/div><\/div><\/div><\/div>[\/vc_column][\/vc_row]<\/p>\n","protected":false},"excerpt":{"rendered":"<p>Claritas est etiam processus dynamicus, qui sequitur mutationem consuetudium lectorum. Mirum est notare quam littera gothica, quam nunc putamus parum claram, anteposuerit litterarum formas humanitatis per seacula quarta decima et quinta decima. Eodem modo typi, qui nunc nobis videntur parum clari, fiant sollemnes in futurum.<\/p>\n","protected":false},"author":1,"featured_media":0,"parent":0,"menu_order":0,"comment_status":"closed","ping_status":"closed","template":"page-vc.php","meta":{"_mi_skip_tracking":false},"_links":{"self":[{"href":"https:\/\/raportyspadkowe.pl\/index.php?rest_route=\/wp\/v2\/pages\/2990"}],"collection":[{"href":"https:\/\/raportyspadkowe.pl\/index.php?rest_route=\/wp\/v2\/pages"}],"about":[{"href":"https:\/\/raportyspadkowe.pl\/index.php?rest_route=\/wp\/v2\/types\/page"}],"author":[{"embeddable":true,"href":"https:\/\/raportyspadkowe.pl\/index.php?rest_route=\/wp\/v2\/users\/1"}],"replies":[{"embeddable":true,"href":"https:\/\/raportyspadkowe.pl\/index.php?rest_route=%2Fwp%2Fv2%2Fcomments&post=2990"}],"version-history":[{"count":134,"href":"https:\/\/raportyspadkowe.pl\/index.php?rest_route=\/wp\/v2\/pages\/2990\/revisions"}],"predecessor-version":[{"id":4336,"href":"https:\/\/raportyspadkowe.pl\/index.php?rest_route=\/wp\/v2\/pages\/2990\/revisions\/4336"}],"wp:attachment":[{"href":"https:\/\/raportyspadkowe.pl\/index.php?rest_route=%2Fwp%2Fv2%2Fmedia&parent=2990"}],"curies":[{"name":"wp","href":"https:\/\/api.w.org\/{rel}","templated":true}]}}